{"id":10263,"date":"2026-01-21T10:11:47","date_gmt":"2026-01-21T10:11:47","guid":{"rendered":"https:\/\/the8shape.fr\/?post_type=product&#038;p=10263"},"modified":"2026-01-21T10:11:47","modified_gmt":"2026-01-21T10:11:47","slug":"long-latex-corset-8-underwires","status":"publish","type":"product","link":"https:\/\/the8shape.fr\/en\/produit\/long-latex-corset-8-underwires\/","title":{"rendered":"Long latex corset 8 underwires"},"content":{"rendered":"<p>Nouveaut\u00e9 !<br \/>\nCe nouveau corset en latex \u00e0 la composition que notre best seller le <a href=\"https:\/\/the8shape.com\/produit\/corset-latex-long-3-crans\/\">corset en latex classique<\/a> mais il a \u00e0 pr\u00e9sent 8 armatures pour plus gainer et soutenir le dos !<br \/>\nCette particularit\u00e9 est tr\u00e8s recommand\u00e9e pour les femmes cambr\u00e9es ou plus fortes afin d&#8217;avoir plus de maintien dans le dos et d&#8217;\u00e9viter que le corset ne se pli.<\/p>\n<p>Ce corset en latex comprenant 3 rang\u00e9es de crochets r\u00e9glables est id\u00e9al pour perdre du ventre, des poign\u00e9es d&#8217;amour et de la taille de fa\u00e7on efficace et rapide en le portant quotidiennement.<\/p>\n<p>Ce mod\u00e8le est le plus \u00e9pais et le plus gainant de notre collection. Il peut \u00e9galement \u00eatre port\u00e9 pendant le cardio (pas d&#8217;abdos).<\/p>\n<p>Marque Ann Michell, fabriqu\u00e9 en Colombie.<\/p>\n<p><strong>Choix de la taille :<\/strong><\/p>\n<p>Pour choisir la bonne taille, nous vous conseillons de prendre votre taille habituelle de t-shirts ou contactez nous en cas de doute.<\/p>\n<p>Astuces :<\/p>\n<ul>\n<li>Combinez le corset avec notre gel et\/ou le wrap pour encore plus d&#8217;efficacit\u00e9!<\/li>\n<li>Portez le corset 6 \u00e0 8h par jour, au moins 6 jour sur 7.<\/li>\n<li>Ne dormez pas avec le corset.<\/li>\n<li>Portez le corset pendant vos s\u00e9ances de sport et votre cardio afin d&#8217;avoir encore plus de r\u00e9sultats ! Enlevez le toujours pour les exercices d&#8217;abdominaux et pour les exercices dans lesquels vous \u00eates compl\u00e9tement pli\u00e9e en deux.<\/li>\n<li>Ne buvez pas de boissons gazeuses.<\/li>\n<li>Lavez le corset \u00e0 la main uniquement.<\/li>\n<\/ul>\n","protected":false},"excerpt":{"rendered":"<p>Corset en latex avec 9 armatures<br \/>\nLongueur : 32 cm.<\/p>\n<p>Mati\u00e8re :<\/p>\n<ul>\n<li>Couche int\u00e9rieure: 50% polyester, 50% coton.<\/li>\n<li>Couche ext\u00e9rieure: 100% latex naturel.<\/li>\n<\/ul>\n<p><strong>Choix de la taille :<\/strong><\/p>\n<p>Pour choisir la bonne taille, nous vous conseillons de prendre votre taille habituelles de t-shirts ou contactez nous en cas de doute.<\/p>\n<p>Fabriqu\u00e9 en Colombie.<\/p>\n","protected":false},"featured_media":10318,"comment_status":"closed","ping_status":"closed","template":"","meta":{"_acf_changed":false,"om_disable_all_campaigns":false},"product_brand":[],"product_cat":[124],"product_tag":[],"class_list":{"0":"post-10263","1":"product","2":"type-product","3":"status-publish","4":"has-post-thumbnail","6":"product_cat-corsets","8":"first","9":"instock","10":"shipping-taxable","11":"purchasable","12":"product-type-variable"},"acf":[],"yoast_head":"<!-- This site is optimized with the Yoast SEO plugin v27.4 - https:\/\/yoast.com\/product\/yoast-seo-wordpress\/ -->\n<title>Long latex corset 8 underwires - the8shape<\/title>\n<meta name=\"robots\" content=\"index, follow, max-snippet:-1, max-image-preview:large, max-video-preview:-1\" \/>\n<link rel=\"canonical\" href=\"https:\/\/the8shape.fr\/en\/produit\/long-latex-corset-8-underwires\/\" \/>\n<meta property=\"og:locale\" content=\"en_US\" \/>\n<meta property=\"og:type\" content=\"article\" \/>\n<meta property=\"og:title\" content=\"Long latex corset 8 underwires - the8shape\" \/>\n<meta property=\"og:description\" content=\"Corset en latex avec 9 armatures Longueur : 32 cm.  Mati\u00e8re :   Couche int\u00e9rieure: 50% polyester, 50% coton.  Couche ext\u00e9rieure: 100% latex naturel.  Choix de la taille :  Pour choisir la bonne taille, nous vous conseillons de prendre votre taille habituelles de t-shirts ou contactez nous en cas de doute.  Fabriqu\u00e9 en Colombie.\" \/>\n<meta property=\"og:url\" content=\"https:\/\/the8shape.fr\/en\/produit\/long-latex-corset-8-underwires\/\" \/>\n<meta property=\"og:site_name\" content=\"the8shape\" \/>\n<meta property=\"og:image\" content=\"https:\/\/the8shape.fr\/wp-content\/uploads\/2026\/01\/IMG_0529.jpg\" \/>\n\t<meta property=\"og:image:width\" content=\"1512\" \/>\n\t<meta property=\"og:image:height\" content=\"2016\" \/>\n\t<meta property=\"og:image:type\" content=\"image\/jpeg\" \/>\n<meta name=\"twitter:card\" content=\"summary_large_image\" \/>\n<meta name=\"twitter:label1\" content=\"Est. reading time\" \/>\n\t<meta name=\"twitter:data1\" content=\"1 minute\" \/>\n<script type=\"application\/ld+json\" class=\"yoast-schema-graph\">{\"@context\":\"https:\\\/\\\/schema.org\",\"@graph\":[{\"@type\":\"WebPage\",\"@id\":\"https:\\\/\\\/the8shape.fr\\\/en\\\/produit\\\/long-latex-corset-8-underwires\\\/\",\"url\":\"https:\\\/\\\/the8shape.fr\\\/en\\\/produit\\\/long-latex-corset-8-underwires\\\/\",\"name\":\"Long latex corset 8 underwires - the8shape\",\"isPartOf\":{\"@id\":\"https:\\\/\\\/the8shape.fr\\\/#website\"},\"primaryImageOfPage\":{\"@id\":\"https:\\\/\\\/the8shape.fr\\\/en\\\/produit\\\/long-latex-corset-8-underwires\\\/#primaryimage\"},\"image\":{\"@id\":\"https:\\\/\\\/the8shape.fr\\\/en\\\/produit\\\/long-latex-corset-8-underwires\\\/#primaryimage\"},\"thumbnailUrl\":\"https:\\\/\\\/the8shape.fr\\\/wp-content\\\/uploads\\\/2026\\\/01\\\/IMG_0529.jpg\",\"datePublished\":\"2026-01-21T10:11:47+00:00\",\"breadcrumb\":{\"@id\":\"https:\\\/\\\/the8shape.fr\\\/en\\\/produit\\\/long-latex-corset-8-underwires\\\/#breadcrumb\"},\"inLanguage\":\"en-US\",\"potentialAction\":[{\"@type\":\"ReadAction\",\"target\":[\"https:\\\/\\\/the8shape.fr\\\/en\\\/produit\\\/long-latex-corset-8-underwires\\\/\"]}]},{\"@type\":\"ImageObject\",\"inLanguage\":\"en-US\",\"@id\":\"https:\\\/\\\/the8shape.fr\\\/en\\\/produit\\\/long-latex-corset-8-underwires\\\/#primaryimage\",\"url\":\"https:\\\/\\\/the8shape.fr\\\/wp-content\\\/uploads\\\/2026\\\/01\\\/IMG_0529.jpg\",\"contentUrl\":\"https:\\\/\\\/the8shape.fr\\\/wp-content\\\/uploads\\\/2026\\\/01\\\/IMG_0529.jpg\",\"width\":1512,\"height\":2016},{\"@type\":\"BreadcrumbList\",\"@id\":\"https:\\\/\\\/the8shape.fr\\\/en\\\/produit\\\/long-latex-corset-8-underwires\\\/#breadcrumb\",\"itemListElement\":[{\"@type\":\"ListItem\",\"position\":1,\"name\":\"Home\",\"item\":\"https:\\\/\\\/the8shape.fr\\\/en\\\/\"},{\"@type\":\"ListItem\",\"position\":2,\"name\":\"Shopping\",\"item\":\"https:\\\/\\\/the8shape.fr\\\/shopping\\\/\"},{\"@type\":\"ListItem\",\"position\":3,\"name\":\"Long latex corset 8 underwires\"}]},{\"@type\":\"WebSite\",\"@id\":\"https:\\\/\\\/the8shape.fr\\\/#website\",\"url\":\"https:\\\/\\\/the8shape.fr\\\/\",\"name\":\"the8shape\",\"description\":\"\",\"potentialAction\":[{\"@type\":\"SearchAction\",\"target\":{\"@type\":\"EntryPoint\",\"urlTemplate\":\"https:\\\/\\\/the8shape.fr\\\/?s={search_term_string}\"},\"query-input\":{\"@type\":\"PropertyValueSpecification\",\"valueRequired\":true,\"valueName\":\"search_term_string\"}}],\"inLanguage\":\"en-US\"}]}<\/script>\n<!-- \/ Yoast SEO plugin. -->","yoast_head_json":{"title":"Long latex corset 8 underwires - the8shape","robots":{"index":"index","follow":"follow","max-snippet":"max-snippet:-1","max-image-preview":"max-image-preview:large","max-video-preview":"max-video-preview:-1"},"canonical":"https:\/\/the8shape.fr\/en\/produit\/long-latex-corset-8-underwires\/","og_locale":"en_US","og_type":"article","og_title":"Long latex corset 8 underwires - the8shape","og_description":"Corset en latex avec 9 armatures Longueur : 32 cm.  Mati\u00e8re :   Couche int\u00e9rieure: 50% polyester, 50% coton.  Couche ext\u00e9rieure: 100% latex naturel.  Choix de la taille :  Pour choisir la bonne taille, nous vous conseillons de prendre votre taille habituelles de t-shirts ou contactez nous en cas de doute.  Fabriqu\u00e9 en Colombie.","og_url":"https:\/\/the8shape.fr\/en\/produit\/long-latex-corset-8-underwires\/","og_site_name":"the8shape","og_image":[{"width":1512,"height":2016,"url":"https:\/\/the8shape.fr\/wp-content\/uploads\/2026\/01\/IMG_0529.jpg","type":"image\/jpeg"}],"twitter_card":"summary_large_image","twitter_misc":{"Est. reading time":"1 minute"},"schema":{"@context":"https:\/\/schema.org","@graph":[{"@type":"WebPage","@id":"https:\/\/the8shape.fr\/en\/produit\/long-latex-corset-8-underwires\/","url":"https:\/\/the8shape.fr\/en\/produit\/long-latex-corset-8-underwires\/","name":"Long latex corset 8 underwires - the8shape","isPartOf":{"@id":"https:\/\/the8shape.fr\/#website"},"primaryImageOfPage":{"@id":"https:\/\/the8shape.fr\/en\/produit\/long-latex-corset-8-underwires\/#primaryimage"},"image":{"@id":"https:\/\/the8shape.fr\/en\/produit\/long-latex-corset-8-underwires\/#primaryimage"},"thumbnailUrl":"https:\/\/the8shape.fr\/wp-content\/uploads\/2026\/01\/IMG_0529.jpg","datePublished":"2026-01-21T10:11:47+00:00","breadcrumb":{"@id":"https:\/\/the8shape.fr\/en\/produit\/long-latex-corset-8-underwires\/#breadcrumb"},"inLanguage":"en-US","potentialAction":[{"@type":"ReadAction","target":["https:\/\/the8shape.fr\/en\/produit\/long-latex-corset-8-underwires\/"]}]},{"@type":"ImageObject","inLanguage":"en-US","@id":"https:\/\/the8shape.fr\/en\/produit\/long-latex-corset-8-underwires\/#primaryimage","url":"https:\/\/the8shape.fr\/wp-content\/uploads\/2026\/01\/IMG_0529.jpg","contentUrl":"https:\/\/the8shape.fr\/wp-content\/uploads\/2026\/01\/IMG_0529.jpg","width":1512,"height":2016},{"@type":"BreadcrumbList","@id":"https:\/\/the8shape.fr\/en\/produit\/long-latex-corset-8-underwires\/#breadcrumb","itemListElement":[{"@type":"ListItem","position":1,"name":"Home","item":"https:\/\/the8shape.fr\/en\/"},{"@type":"ListItem","position":2,"name":"Shopping","item":"https:\/\/the8shape.fr\/shopping\/"},{"@type":"ListItem","position":3,"name":"Long latex corset 8 underwires"}]},{"@type":"WebSite","@id":"https:\/\/the8shape.fr\/#website","url":"https:\/\/the8shape.fr\/","name":"the8shape","description":"","potentialAction":[{"@type":"SearchAction","target":{"@type":"EntryPoint","urlTemplate":"https:\/\/the8shape.fr\/?s={search_term_string}"},"query-input":{"@type":"PropertyValueSpecification","valueRequired":true,"valueName":"search_term_string"}}],"inLanguage":"en-US"}]}},"_links":{"self":[{"href":"https:\/\/the8shape.fr\/en\/wp-json\/wp\/v2\/product\/10263","targetHints":{"allow":["GET"]}}],"collection":[{"href":"https:\/\/the8shape.fr\/en\/wp-json\/wp\/v2\/product"}],"about":[{"href":"https:\/\/the8shape.fr\/en\/wp-json\/wp\/v2\/types\/product"}],"replies":[{"embeddable":true,"href":"https:\/\/the8shape.fr\/en\/wp-json\/wp\/v2\/comments?post=10263"}],"wp:featuredmedia":[{"embeddable":true,"href":"https:\/\/the8shape.fr\/en\/wp-json\/wp\/v2\/media\/10318"}],"wp:attachment":[{"href":"https:\/\/the8shape.fr\/en\/wp-json\/wp\/v2\/media?parent=10263"}],"wp:term":[{"taxonomy":"product_brand","embeddable":true,"href":"https:\/\/the8shape.fr\/en\/wp-json\/wp\/v2\/product_brand?post=10263"},{"taxonomy":"product_cat","embeddable":true,"href":"https:\/\/the8shape.fr\/en\/wp-json\/wp\/v2\/product_cat?post=10263"},{"taxonomy":"product_tag","embeddable":true,"href":"https:\/\/the8shape.fr\/en\/wp-json\/wp\/v2\/product_tag?post=10263"}],"curies":[{"name":"wp","href":"https:\/\/api.w.org\/{rel}","templated":true}]}}