{"id":14702,"date":"2026-01-21T10:10:24","date_gmt":"2026-01-21T10:10:24","guid":{"rendered":"https:\/\/the8shape.fr\/produit\/ceinture-post-partum\/"},"modified":"2026-04-16T16:14:14","modified_gmt":"2026-04-16T16:14:14","slug":"ceinture-post-partum","status":"publish","type":"product","link":"https:\/\/the8shape.fr\/en\/produit\/ceinture-post-partum\/","title":{"rendered":"Ceinture post partum"},"content":{"rendered":"<p>Cr\u00e9ation The 8 Shape &#8211; Fabriqu\u00e9 en Colombie<\/p>\n<p>&nbsp;<\/p>\n<p>Pens\u00e9e pour accompagner votre corps apr\u00e8s l\u2019accouchement, cette ceinture post-partum offre un maintien optimal et une compression adapt\u00e9e pour favoriser une r\u00e9cup\u00e9ration rapide et harmonieuse.<\/p>\n<p>&nbsp;<\/p>\n<p>Pourquoi cette ceinture fait la diff\u00e9rence :<\/p>\n<p>&nbsp;<\/p>\n<ul>\n<li>Compression cibl\u00e9e pour aider \u00e0 r\u00e9duire le ventre apr\u00e8s l\u2019accouchement<\/li>\n<li>Soutient efficacement la sangle abdominale et le bas du dos<\/li>\n<li>Favorise le repositionnement naturel de l\u2019ut\u00e9rus<\/li>\n<li>Aide \u00e0 diminuer les gonflements et inconforts (gaz, ballonnements)<\/li>\n<li>Contribue \u00e0 affiner la taille et lisser la silhouette post-grossesse<\/li>\n<\/ul>\n<p>&nbsp;<\/p>\n<p>Mati\u00e8re : tissu \u00e9lastique haute qualit\u00e9<\/p>\n<p>&nbsp;<\/p>\n<p>Maintien : ferme et confortable<\/p>\n<p>&nbsp;<\/p>\n<p>\u00c0 porter 24h apr\u00e8s un accouchement par voie basse<\/p>\n<p>&nbsp;<\/p>\n<p>\u00c0 porter 3 jours apr\u00e8s une c\u00e9sarienne<\/p>\n<p>&nbsp;<\/p>\n<p>Utilisation recommand\u00e9e jour et nuit pendant le premier mois<\/p>\n<p>&nbsp;<\/p>\n<p>Apr\u00e8s 1 mois, possibilit\u00e9 de relayer avec un corset en latex (journ\u00e9e) et de continuer la ceinture la nuit si n\u00e9cessaire<\/p>\n","protected":false},"excerpt":{"rendered":"<p>Cette ceinture est \u00e0 porter 24h apr\u00e8s un accouchement par voie basse et 3 jours apr\u00e8s un accouchement par c\u00e9sarienne.<\/p>\n","protected":false},"featured_media":14704,"comment_status":"closed","ping_status":"closed","template":"","meta":{"_acf_changed":false,"om_disable_all_campaigns":false},"product_brand":[],"product_cat":[176],"product_tag":[],"class_list":{"0":"post-14702","1":"product","2":"type-product","3":"status-publish","4":"has-post-thumbnail","6":"product_cat-corsets-2","8":"first","9":"instock","10":"shipping-taxable","11":"purchasable","12":"product-type-simple"},"acf":[],"yoast_head":"<!-- This site is optimized with the Yoast SEO plugin v27.4 - https:\/\/yoast.com\/product\/yoast-seo-wordpress\/ -->\n<title>Ceinture post partum - the8shape<\/title>\n<meta name=\"robots\" content=\"index, follow, max-snippet:-1, max-image-preview:large, max-video-preview:-1\" \/>\n<link rel=\"canonical\" href=\"https:\/\/the8shape.fr\/produit\/ceinture-post-partum\/\" \/>\n<meta property=\"og:locale\" content=\"en_US\" \/>\n<meta property=\"og:type\" content=\"article\" \/>\n<meta property=\"og:title\" content=\"Ceinture post partum - the8shape\" \/>\n<meta property=\"og:description\" content=\"Cette ceinture est \u00e0 porter 24h apr\u00e8s un accouchement par voie basse et 3 jours apr\u00e8s un accouchement par c\u00e9sarienne.\" \/>\n<meta property=\"og:url\" content=\"https:\/\/the8shape.fr\/produit\/ceinture-post-partum\/\" \/>\n<meta property=\"og:site_name\" content=\"the8shape\" \/>\n<meta property=\"article:modified_time\" content=\"2026-04-16T16:14:14+00:00\" \/>\n<meta property=\"og:image\" content=\"https:\/\/the8shape.fr\/wp-content\/uploads\/2026\/01\/FME4383-scaled.jpg\" \/>\n\t<meta property=\"og:image:width\" content=\"1707\" \/>\n\t<meta property=\"og:image:height\" content=\"2560\" \/>\n\t<meta property=\"og:image:type\" content=\"image\/jpeg\" \/>\n<meta name=\"twitter:card\" content=\"summary_large_image\" \/>\n<meta name=\"twitter:label1\" content=\"Est. reading time\" \/>\n\t<meta name=\"twitter:data1\" content=\"2 minutes\" \/>\n<script type=\"application\/ld+json\" class=\"yoast-schema-graph\">{\"@context\":\"https:\\\/\\\/schema.org\",\"@graph\":[{\"@type\":\"WebPage\",\"@id\":\"https:\\\/\\\/the8shape.fr\\\/produit\\\/ceinture-post-partum\\\/\",\"url\":\"https:\\\/\\\/the8shape.fr\\\/produit\\\/ceinture-post-partum\\\/\",\"name\":\"Ceinture post partum - the8shape\",\"isPartOf\":{\"@id\":\"https:\\\/\\\/the8shape.fr\\\/#website\"},\"primaryImageOfPage\":{\"@id\":\"https:\\\/\\\/the8shape.fr\\\/produit\\\/ceinture-post-partum\\\/#primaryimage\"},\"image\":{\"@id\":\"https:\\\/\\\/the8shape.fr\\\/produit\\\/ceinture-post-partum\\\/#primaryimage\"},\"thumbnailUrl\":\"https:\\\/\\\/the8shape.fr\\\/wp-content\\\/uploads\\\/2026\\\/01\\\/FME4383-scaled.jpg\",\"datePublished\":\"2026-01-21T10:10:24+00:00\",\"dateModified\":\"2026-04-16T16:14:14+00:00\",\"breadcrumb\":{\"@id\":\"https:\\\/\\\/the8shape.fr\\\/produit\\\/ceinture-post-partum\\\/#breadcrumb\"},\"inLanguage\":\"en-US\",\"potentialAction\":[{\"@type\":\"ReadAction\",\"target\":[\"https:\\\/\\\/the8shape.fr\\\/produit\\\/ceinture-post-partum\\\/\"]}]},{\"@type\":\"ImageObject\",\"inLanguage\":\"en-US\",\"@id\":\"https:\\\/\\\/the8shape.fr\\\/produit\\\/ceinture-post-partum\\\/#primaryimage\",\"url\":\"https:\\\/\\\/the8shape.fr\\\/wp-content\\\/uploads\\\/2026\\\/01\\\/FME4383-scaled.jpg\",\"contentUrl\":\"https:\\\/\\\/the8shape.fr\\\/wp-content\\\/uploads\\\/2026\\\/01\\\/FME4383-scaled.jpg\",\"width\":1707,\"height\":2560},{\"@type\":\"BreadcrumbList\",\"@id\":\"https:\\\/\\\/the8shape.fr\\\/produit\\\/ceinture-post-partum\\\/#breadcrumb\",\"itemListElement\":[{\"@type\":\"ListItem\",\"position\":1,\"name\":\"Home\",\"item\":\"https:\\\/\\\/the8shape.fr\\\/en\\\/\"},{\"@type\":\"ListItem\",\"position\":2,\"name\":\"Shopping\",\"item\":\"https:\\\/\\\/the8shape.fr\\\/shopping\\\/\"},{\"@type\":\"ListItem\",\"position\":3,\"name\":\"Ceinture post partum\"}]},{\"@type\":\"WebSite\",\"@id\":\"https:\\\/\\\/the8shape.fr\\\/#website\",\"url\":\"https:\\\/\\\/the8shape.fr\\\/\",\"name\":\"the8shape\",\"description\":\"\",\"potentialAction\":[{\"@type\":\"SearchAction\",\"target\":{\"@type\":\"EntryPoint\",\"urlTemplate\":\"https:\\\/\\\/the8shape.fr\\\/?s={search_term_string}\"},\"query-input\":{\"@type\":\"PropertyValueSpecification\",\"valueRequired\":true,\"valueName\":\"search_term_string\"}}],\"inLanguage\":\"en-US\"}]}<\/script>\n<!-- \/ Yoast SEO plugin. -->","yoast_head_json":{"title":"Ceinture post partum - the8shape","robots":{"index":"index","follow":"follow","max-snippet":"max-snippet:-1","max-image-preview":"max-image-preview:large","max-video-preview":"max-video-preview:-1"},"canonical":"https:\/\/the8shape.fr\/produit\/ceinture-post-partum\/","og_locale":"en_US","og_type":"article","og_title":"Ceinture post partum - the8shape","og_description":"Cette ceinture est \u00e0 porter 24h apr\u00e8s un accouchement par voie basse et 3 jours apr\u00e8s un accouchement par c\u00e9sarienne.","og_url":"https:\/\/the8shape.fr\/produit\/ceinture-post-partum\/","og_site_name":"the8shape","article_modified_time":"2026-04-16T16:14:14+00:00","og_image":[{"width":1707,"height":2560,"url":"https:\/\/the8shape.fr\/wp-content\/uploads\/2026\/01\/FME4383-scaled.jpg","type":"image\/jpeg"}],"twitter_card":"summary_large_image","twitter_misc":{"Est. reading time":"2 minutes"},"schema":{"@context":"https:\/\/schema.org","@graph":[{"@type":"WebPage","@id":"https:\/\/the8shape.fr\/produit\/ceinture-post-partum\/","url":"https:\/\/the8shape.fr\/produit\/ceinture-post-partum\/","name":"Ceinture post partum - the8shape","isPartOf":{"@id":"https:\/\/the8shape.fr\/#website"},"primaryImageOfPage":{"@id":"https:\/\/the8shape.fr\/produit\/ceinture-post-partum\/#primaryimage"},"image":{"@id":"https:\/\/the8shape.fr\/produit\/ceinture-post-partum\/#primaryimage"},"thumbnailUrl":"https:\/\/the8shape.fr\/wp-content\/uploads\/2026\/01\/FME4383-scaled.jpg","datePublished":"2026-01-21T10:10:24+00:00","dateModified":"2026-04-16T16:14:14+00:00","breadcrumb":{"@id":"https:\/\/the8shape.fr\/produit\/ceinture-post-partum\/#breadcrumb"},"inLanguage":"en-US","potentialAction":[{"@type":"ReadAction","target":["https:\/\/the8shape.fr\/produit\/ceinture-post-partum\/"]}]},{"@type":"ImageObject","inLanguage":"en-US","@id":"https:\/\/the8shape.fr\/produit\/ceinture-post-partum\/#primaryimage","url":"https:\/\/the8shape.fr\/wp-content\/uploads\/2026\/01\/FME4383-scaled.jpg","contentUrl":"https:\/\/the8shape.fr\/wp-content\/uploads\/2026\/01\/FME4383-scaled.jpg","width":1707,"height":2560},{"@type":"BreadcrumbList","@id":"https:\/\/the8shape.fr\/produit\/ceinture-post-partum\/#breadcrumb","itemListElement":[{"@type":"ListItem","position":1,"name":"Home","item":"https:\/\/the8shape.fr\/en\/"},{"@type":"ListItem","position":2,"name":"Shopping","item":"https:\/\/the8shape.fr\/shopping\/"},{"@type":"ListItem","position":3,"name":"Ceinture post partum"}]},{"@type":"WebSite","@id":"https:\/\/the8shape.fr\/#website","url":"https:\/\/the8shape.fr\/","name":"the8shape","description":"","potentialAction":[{"@type":"SearchAction","target":{"@type":"EntryPoint","urlTemplate":"https:\/\/the8shape.fr\/?s={search_term_string}"},"query-input":{"@type":"PropertyValueSpecification","valueRequired":true,"valueName":"search_term_string"}}],"inLanguage":"en-US"}]}},"_links":{"self":[{"href":"https:\/\/the8shape.fr\/en\/wp-json\/wp\/v2\/product\/14702","targetHints":{"allow":["GET"]}}],"collection":[{"href":"https:\/\/the8shape.fr\/en\/wp-json\/wp\/v2\/product"}],"about":[{"href":"https:\/\/the8shape.fr\/en\/wp-json\/wp\/v2\/types\/product"}],"replies":[{"embeddable":true,"href":"https:\/\/the8shape.fr\/en\/wp-json\/wp\/v2\/comments?post=14702"}],"wp:featuredmedia":[{"embeddable":true,"href":"https:\/\/the8shape.fr\/en\/wp-json\/wp\/v2\/media\/14704"}],"wp:attachment":[{"href":"https:\/\/the8shape.fr\/en\/wp-json\/wp\/v2\/media?parent=14702"}],"wp:term":[{"taxonomy":"product_brand","embeddable":true,"href":"https:\/\/the8shape.fr\/en\/wp-json\/wp\/v2\/product_brand?post=14702"},{"taxonomy":"product_cat","embeddable":true,"href":"https:\/\/the8shape.fr\/en\/wp-json\/wp\/v2\/product_cat?post=14702"},{"taxonomy":"product_tag","embeddable":true,"href":"https:\/\/the8shape.fr\/en\/wp-json\/wp\/v2\/product_tag?post=14702"}],"curies":[{"name":"wp","href":"https:\/\/api.w.org\/{rel}","templated":true}]}}