{"id":14713,"date":"2026-01-21T10:10:23","date_gmt":"2026-01-21T10:10:23","guid":{"rendered":"https:\/\/the8shape.fr\/produit\/plaquette-cambrure\/"},"modified":"2026-01-21T10:10:23","modified_gmt":"2026-01-21T10:10:23","slug":"plaquette-cambrure","status":"publish","type":"product","link":"https:\/\/the8shape.fr\/en\/produit\/plaquette-cambrure\/","title":{"rendered":"Plaquette cambrure"},"content":{"rendered":"<p>La plaquette est a porter apr\u00e8s une op\u00e9ration de chirurgie esth\u00e9tique type liposuccion, abdominoplastie, lipofiling BBL ou apr\u00e8s un accouchement.<\/p>\n<p>Elle aidera a avoir de biens meilleurs r\u00e9sultats! Nous vous la recommandons fortement.<\/p>\n<p>Le suivi post op\u00e9ratoire est quasiment tout aussi important que l\u2019op\u00e9ration en elle m\u00eame.<\/p>\n<p>La plaquette aidera :<\/p>\n<p>-\u00e0 recoller la peau aux muscles<\/p>\n<p>-\u00e0 lisser la peau<\/p>\n<p>-\u00e0 diminuer les gonflements<\/p>\n<p>-\u00e0 r\u00e9duire la retention d&#8217;eau en bas du dos<\/p>\n<p>-\u00e0 accentuer la cambrure<\/p>\n<p>La plaquette est a porter \u00e0 l\u2019int\u00e9rieur de votre combinaison post op\u00e9ratoire<\/p>\n<p>Fabriqu\u00e9e en Colombie<\/p>\n","protected":false},"excerpt":{"rendered":"<p>Plaquette de cambrure post op\u00e9ratoire<\/p>\n","protected":false},"featured_media":14715,"comment_status":"closed","ping_status":"closed","template":"","meta":{"_acf_changed":false,"om_disable_all_campaigns":false},"product_brand":[],"product_cat":[15],"product_tag":[],"class_list":{"0":"post-14713","1":"product","2":"type-product","3":"status-publish","4":"has-post-thumbnail","6":"product_cat-uncategorized","8":"first","9":"instock","10":"shipping-taxable","11":"purchasable","12":"product-type-simple"},"acf":[],"yoast_head":"<!-- This site is optimized with the Yoast SEO plugin v27.4 - https:\/\/yoast.com\/product\/yoast-seo-wordpress\/ -->\n<title>Plaquette cambrure - the8shape<\/title>\n<meta name=\"robots\" content=\"index, follow, max-snippet:-1, max-image-preview:large, max-video-preview:-1\" \/>\n<link rel=\"canonical\" href=\"https:\/\/the8shape.fr\/produit\/plaquette-cambrure\/\" \/>\n<meta property=\"og:locale\" content=\"en_US\" \/>\n<meta property=\"og:type\" content=\"article\" \/>\n<meta property=\"og:title\" content=\"Plaquette cambrure - the8shape\" \/>\n<meta property=\"og:description\" content=\"Plaquette de cambrure post op\u00e9ratoire\" \/>\n<meta property=\"og:url\" content=\"https:\/\/the8shape.fr\/produit\/plaquette-cambrure\/\" \/>\n<meta property=\"og:site_name\" content=\"the8shape\" \/>\n<meta property=\"og:image\" content=\"https:\/\/the8shape.fr\/wp-content\/uploads\/2026\/01\/MLE-003-3.webp.jpeg\" \/>\n\t<meta property=\"og:image:width\" content=\"1410\" \/>\n\t<meta property=\"og:image:height\" content=\"1410\" \/>\n\t<meta property=\"og:image:type\" content=\"image\/jpeg\" \/>\n<meta name=\"twitter:card\" content=\"summary_large_image\" \/>\n<meta name=\"twitter:label1\" content=\"Est. reading time\" \/>\n\t<meta name=\"twitter:data1\" content=\"1 minute\" \/>\n<script type=\"application\/ld+json\" class=\"yoast-schema-graph\">{\"@context\":\"https:\\\/\\\/schema.org\",\"@graph\":[{\"@type\":\"WebPage\",\"@id\":\"https:\\\/\\\/the8shape.fr\\\/produit\\\/plaquette-cambrure\\\/\",\"url\":\"https:\\\/\\\/the8shape.fr\\\/produit\\\/plaquette-cambrure\\\/\",\"name\":\"Plaquette cambrure - the8shape\",\"isPartOf\":{\"@id\":\"https:\\\/\\\/the8shape.fr\\\/#website\"},\"primaryImageOfPage\":{\"@id\":\"https:\\\/\\\/the8shape.fr\\\/produit\\\/plaquette-cambrure\\\/#primaryimage\"},\"image\":{\"@id\":\"https:\\\/\\\/the8shape.fr\\\/produit\\\/plaquette-cambrure\\\/#primaryimage\"},\"thumbnailUrl\":\"https:\\\/\\\/the8shape.fr\\\/wp-content\\\/uploads\\\/2026\\\/01\\\/MLE-003-3.webp.jpeg\",\"datePublished\":\"2026-01-21T10:10:23+00:00\",\"breadcrumb\":{\"@id\":\"https:\\\/\\\/the8shape.fr\\\/produit\\\/plaquette-cambrure\\\/#breadcrumb\"},\"inLanguage\":\"en-US\",\"potentialAction\":[{\"@type\":\"ReadAction\",\"target\":[\"https:\\\/\\\/the8shape.fr\\\/produit\\\/plaquette-cambrure\\\/\"]}]},{\"@type\":\"ImageObject\",\"inLanguage\":\"en-US\",\"@id\":\"https:\\\/\\\/the8shape.fr\\\/produit\\\/plaquette-cambrure\\\/#primaryimage\",\"url\":\"https:\\\/\\\/the8shape.fr\\\/wp-content\\\/uploads\\\/2026\\\/01\\\/MLE-003-3.webp.jpeg\",\"contentUrl\":\"https:\\\/\\\/the8shape.fr\\\/wp-content\\\/uploads\\\/2026\\\/01\\\/MLE-003-3.webp.jpeg\",\"width\":1410,\"height\":1410},{\"@type\":\"BreadcrumbList\",\"@id\":\"https:\\\/\\\/the8shape.fr\\\/produit\\\/plaquette-cambrure\\\/#breadcrumb\",\"itemListElement\":[{\"@type\":\"ListItem\",\"position\":1,\"name\":\"Home\",\"item\":\"https:\\\/\\\/the8shape.fr\\\/en\\\/\"},{\"@type\":\"ListItem\",\"position\":2,\"name\":\"Shopping\",\"item\":\"https:\\\/\\\/the8shape.fr\\\/shopping\\\/\"},{\"@type\":\"ListItem\",\"position\":3,\"name\":\"Plaquette cambrure\"}]},{\"@type\":\"WebSite\",\"@id\":\"https:\\\/\\\/the8shape.fr\\\/#website\",\"url\":\"https:\\\/\\\/the8shape.fr\\\/\",\"name\":\"the8shape\",\"description\":\"\",\"potentialAction\":[{\"@type\":\"SearchAction\",\"target\":{\"@type\":\"EntryPoint\",\"urlTemplate\":\"https:\\\/\\\/the8shape.fr\\\/?s={search_term_string}\"},\"query-input\":{\"@type\":\"PropertyValueSpecification\",\"valueRequired\":true,\"valueName\":\"search_term_string\"}}],\"inLanguage\":\"en-US\"}]}<\/script>\n<!-- \/ Yoast SEO plugin. -->","yoast_head_json":{"title":"Plaquette cambrure - the8shape","robots":{"index":"index","follow":"follow","max-snippet":"max-snippet:-1","max-image-preview":"max-image-preview:large","max-video-preview":"max-video-preview:-1"},"canonical":"https:\/\/the8shape.fr\/produit\/plaquette-cambrure\/","og_locale":"en_US","og_type":"article","og_title":"Plaquette cambrure - the8shape","og_description":"Plaquette de cambrure post op\u00e9ratoire","og_url":"https:\/\/the8shape.fr\/produit\/plaquette-cambrure\/","og_site_name":"the8shape","og_image":[{"width":1410,"height":1410,"url":"https:\/\/the8shape.fr\/wp-content\/uploads\/2026\/01\/MLE-003-3.webp.jpeg","type":"image\/jpeg"}],"twitter_card":"summary_large_image","twitter_misc":{"Est. reading time":"1 minute"},"schema":{"@context":"https:\/\/schema.org","@graph":[{"@type":"WebPage","@id":"https:\/\/the8shape.fr\/produit\/plaquette-cambrure\/","url":"https:\/\/the8shape.fr\/produit\/plaquette-cambrure\/","name":"Plaquette cambrure - the8shape","isPartOf":{"@id":"https:\/\/the8shape.fr\/#website"},"primaryImageOfPage":{"@id":"https:\/\/the8shape.fr\/produit\/plaquette-cambrure\/#primaryimage"},"image":{"@id":"https:\/\/the8shape.fr\/produit\/plaquette-cambrure\/#primaryimage"},"thumbnailUrl":"https:\/\/the8shape.fr\/wp-content\/uploads\/2026\/01\/MLE-003-3.webp.jpeg","datePublished":"2026-01-21T10:10:23+00:00","breadcrumb":{"@id":"https:\/\/the8shape.fr\/produit\/plaquette-cambrure\/#breadcrumb"},"inLanguage":"en-US","potentialAction":[{"@type":"ReadAction","target":["https:\/\/the8shape.fr\/produit\/plaquette-cambrure\/"]}]},{"@type":"ImageObject","inLanguage":"en-US","@id":"https:\/\/the8shape.fr\/produit\/plaquette-cambrure\/#primaryimage","url":"https:\/\/the8shape.fr\/wp-content\/uploads\/2026\/01\/MLE-003-3.webp.jpeg","contentUrl":"https:\/\/the8shape.fr\/wp-content\/uploads\/2026\/01\/MLE-003-3.webp.jpeg","width":1410,"height":1410},{"@type":"BreadcrumbList","@id":"https:\/\/the8shape.fr\/produit\/plaquette-cambrure\/#breadcrumb","itemListElement":[{"@type":"ListItem","position":1,"name":"Home","item":"https:\/\/the8shape.fr\/en\/"},{"@type":"ListItem","position":2,"name":"Shopping","item":"https:\/\/the8shape.fr\/shopping\/"},{"@type":"ListItem","position":3,"name":"Plaquette cambrure"}]},{"@type":"WebSite","@id":"https:\/\/the8shape.fr\/#website","url":"https:\/\/the8shape.fr\/","name":"the8shape","description":"","potentialAction":[{"@type":"SearchAction","target":{"@type":"EntryPoint","urlTemplate":"https:\/\/the8shape.fr\/?s={search_term_string}"},"query-input":{"@type":"PropertyValueSpecification","valueRequired":true,"valueName":"search_term_string"}}],"inLanguage":"en-US"}]}},"_links":{"self":[{"href":"https:\/\/the8shape.fr\/en\/wp-json\/wp\/v2\/product\/14713","targetHints":{"allow":["GET"]}}],"collection":[{"href":"https:\/\/the8shape.fr\/en\/wp-json\/wp\/v2\/product"}],"about":[{"href":"https:\/\/the8shape.fr\/en\/wp-json\/wp\/v2\/types\/product"}],"replies":[{"embeddable":true,"href":"https:\/\/the8shape.fr\/en\/wp-json\/wp\/v2\/comments?post=14713"}],"wp:featuredmedia":[{"embeddable":true,"href":"https:\/\/the8shape.fr\/en\/wp-json\/wp\/v2\/media\/14715"}],"wp:attachment":[{"href":"https:\/\/the8shape.fr\/en\/wp-json\/wp\/v2\/media?parent=14713"}],"wp:term":[{"taxonomy":"product_brand","embeddable":true,"href":"https:\/\/the8shape.fr\/en\/wp-json\/wp\/v2\/product_brand?post=14713"},{"taxonomy":"product_cat","embeddable":true,"href":"https:\/\/the8shape.fr\/en\/wp-json\/wp\/v2\/product_cat?post=14713"},{"taxonomy":"product_tag","embeddable":true,"href":"https:\/\/the8shape.fr\/en\/wp-json\/wp\/v2\/product_tag?post=14713"}],"curies":[{"name":"wp","href":"https:\/\/api.w.org\/{rel}","templated":true}]}}