{"id":14737,"date":"2026-01-21T10:09:25","date_gmt":"2026-01-21T10:09:25","guid":{"rendered":"https:\/\/the8shape.fr\/produit\/serre-taille-latex\/"},"modified":"2026-04-16T16:32:47","modified_gmt":"2026-04-16T16:32:47","slug":"serre-taille-latex","status":"publish","type":"product","link":"https:\/\/the8shape.fr\/en\/produit\/serre-taille-latex\/","title":{"rendered":"Serre taille latex"},"content":{"rendered":"<p>Cr\u00e9ation The 8 Shape &#8211; Fabriqu\u00e9 en Colombie<\/p>\n<p>&nbsp;<\/p>\n<p>Con\u00e7u pour sculpter la taille avec pr\u00e9cision, ce serre-taille en latex combine maintien cibl\u00e9 et discr\u00e9tion pour un usage quotidien ou pendant vos s\u00e9ances de sport.<\/p>\n<p>&nbsp;<\/p>\n<p>Pourquoi vous allez l&#8217;adorer :<\/p>\n<p>&nbsp;<\/p>\n<ul>\n<li>Compression cibl\u00e9e pour affiner et marquer la taille<\/li>\n<li>Format court id\u00e9al pour une libert\u00e9 de mouvement optimale<\/li>\n<li>Parfait pour le sport et une utilisation quotidienne<\/li>\n<li>Structure renforc\u00e9e pour un maintien efficace sans g\u00eane<\/li>\n<li>Aide \u00e0 lisser la silhouette tout en restant discret sous les v\u00eatements<\/li>\n<\/ul>\n<p>&nbsp;<\/p>\n<p>Latex haute qualit\u00e9 pour une compression efficace<\/p>\n<p>&nbsp;<\/p>\n<p>2 rang\u00e9es de crochets ajustables<\/p>\n<p>&nbsp;<\/p>\n<p>4 armatures en m\u00e9tal pour un maintien structur\u00e9<\/p>\n<p>&nbsp;<\/p>\n<p>Mod\u00e8le court \u2013 ne couvre pas le bas du ventre<\/p>\n<p>&nbsp;<\/p>\n<p>Id\u00e9al pour les bustes courts ou pour un effet taille tr\u00e8s cibl\u00e9<\/p>\n","protected":false},"excerpt":{"rendered":"<p>Le serre taille est un corset tr\u00e8s court.<\/p>\n<p>Il peut \u00eatre utilis\u00e9 au sport et au quotidien pour marquer, sculpter et affiner la taille davantage.<\/p>\n","protected":false},"featured_media":14739,"comment_status":"closed","ping_status":"closed","template":"","meta":{"_acf_changed":false,"om_disable_all_campaigns":false},"product_brand":[],"product_cat":[176],"product_tag":[],"class_list":{"0":"post-14737","1":"product","2":"type-product","3":"status-publish","4":"has-post-thumbnail","6":"product_cat-corsets-2","8":"first","9":"instock","10":"shipping-taxable","11":"purchasable","12":"product-type-variable"},"acf":[],"yoast_head":"<!-- This site is optimized with the Yoast SEO plugin v27.4 - https:\/\/yoast.com\/product\/yoast-seo-wordpress\/ -->\n<title>Serre taille latex - the8shape<\/title>\n<meta name=\"robots\" content=\"index, follow, max-snippet:-1, max-image-preview:large, max-video-preview:-1\" \/>\n<link rel=\"canonical\" href=\"https:\/\/the8shape.fr\/produit\/serre-taille-latex\/\" \/>\n<meta property=\"og:locale\" content=\"en_US\" \/>\n<meta property=\"og:type\" content=\"article\" \/>\n<meta property=\"og:title\" content=\"Serre taille latex - the8shape\" \/>\n<meta property=\"og:description\" content=\"Le serre taille est un corset tr\u00e8s court.  Il peut \u00eatre utilis\u00e9 au sport et au quotidien pour marquer, sculpter et affiner la taille davantage.\" \/>\n<meta property=\"og:url\" content=\"https:\/\/the8shape.fr\/produit\/serre-taille-latex\/\" \/>\n<meta property=\"og:site_name\" content=\"the8shape\" \/>\n<meta property=\"article:modified_time\" content=\"2026-04-16T16:32:47+00:00\" \/>\n<meta property=\"og:image\" content=\"https:\/\/the8shape.fr\/wp-content\/uploads\/2026\/01\/SERRETAILLE_negro-1-scaled.jpg\" \/>\n\t<meta property=\"og:image:width\" content=\"1707\" \/>\n\t<meta property=\"og:image:height\" content=\"2560\" \/>\n\t<meta property=\"og:image:type\" content=\"image\/jpeg\" \/>\n<meta name=\"twitter:card\" content=\"summary_large_image\" \/>\n<meta name=\"twitter:label1\" content=\"Est. reading time\" \/>\n\t<meta name=\"twitter:data1\" content=\"1 minute\" \/>\n<script type=\"application\/ld+json\" class=\"yoast-schema-graph\">{\"@context\":\"https:\\\/\\\/schema.org\",\"@graph\":[{\"@type\":\"WebPage\",\"@id\":\"https:\\\/\\\/the8shape.fr\\\/produit\\\/serre-taille-latex\\\/\",\"url\":\"https:\\\/\\\/the8shape.fr\\\/produit\\\/serre-taille-latex\\\/\",\"name\":\"Serre taille latex - the8shape\",\"isPartOf\":{\"@id\":\"https:\\\/\\\/the8shape.fr\\\/#website\"},\"primaryImageOfPage\":{\"@id\":\"https:\\\/\\\/the8shape.fr\\\/produit\\\/serre-taille-latex\\\/#primaryimage\"},\"image\":{\"@id\":\"https:\\\/\\\/the8shape.fr\\\/produit\\\/serre-taille-latex\\\/#primaryimage\"},\"thumbnailUrl\":\"https:\\\/\\\/the8shape.fr\\\/wp-content\\\/uploads\\\/2026\\\/01\\\/SERRETAILLE_negro-1-scaled.jpg\",\"datePublished\":\"2026-01-21T10:09:25+00:00\",\"dateModified\":\"2026-04-16T16:32:47+00:00\",\"breadcrumb\":{\"@id\":\"https:\\\/\\\/the8shape.fr\\\/produit\\\/serre-taille-latex\\\/#breadcrumb\"},\"inLanguage\":\"en-US\",\"potentialAction\":[{\"@type\":\"ReadAction\",\"target\":[\"https:\\\/\\\/the8shape.fr\\\/produit\\\/serre-taille-latex\\\/\"]}]},{\"@type\":\"ImageObject\",\"inLanguage\":\"en-US\",\"@id\":\"https:\\\/\\\/the8shape.fr\\\/produit\\\/serre-taille-latex\\\/#primaryimage\",\"url\":\"https:\\\/\\\/the8shape.fr\\\/wp-content\\\/uploads\\\/2026\\\/01\\\/SERRETAILLE_negro-1-scaled.jpg\",\"contentUrl\":\"https:\\\/\\\/the8shape.fr\\\/wp-content\\\/uploads\\\/2026\\\/01\\\/SERRETAILLE_negro-1-scaled.jpg\",\"width\":1707,\"height\":2560},{\"@type\":\"BreadcrumbList\",\"@id\":\"https:\\\/\\\/the8shape.fr\\\/produit\\\/serre-taille-latex\\\/#breadcrumb\",\"itemListElement\":[{\"@type\":\"ListItem\",\"position\":1,\"name\":\"Home\",\"item\":\"https:\\\/\\\/the8shape.fr\\\/en\\\/\"},{\"@type\":\"ListItem\",\"position\":2,\"name\":\"Shopping\",\"item\":\"https:\\\/\\\/the8shape.fr\\\/shopping\\\/\"},{\"@type\":\"ListItem\",\"position\":3,\"name\":\"Serre taille latex\"}]},{\"@type\":\"WebSite\",\"@id\":\"https:\\\/\\\/the8shape.fr\\\/#website\",\"url\":\"https:\\\/\\\/the8shape.fr\\\/\",\"name\":\"the8shape\",\"description\":\"\",\"potentialAction\":[{\"@type\":\"SearchAction\",\"target\":{\"@type\":\"EntryPoint\",\"urlTemplate\":\"https:\\\/\\\/the8shape.fr\\\/?s={search_term_string}\"},\"query-input\":{\"@type\":\"PropertyValueSpecification\",\"valueRequired\":true,\"valueName\":\"search_term_string\"}}],\"inLanguage\":\"en-US\"}]}<\/script>\n<!-- \/ Yoast SEO plugin. -->","yoast_head_json":{"title":"Serre taille latex - the8shape","robots":{"index":"index","follow":"follow","max-snippet":"max-snippet:-1","max-image-preview":"max-image-preview:large","max-video-preview":"max-video-preview:-1"},"canonical":"https:\/\/the8shape.fr\/produit\/serre-taille-latex\/","og_locale":"en_US","og_type":"article","og_title":"Serre taille latex - the8shape","og_description":"Le serre taille est un corset tr\u00e8s court.  Il peut \u00eatre utilis\u00e9 au sport et au quotidien pour marquer, sculpter et affiner la taille davantage.","og_url":"https:\/\/the8shape.fr\/produit\/serre-taille-latex\/","og_site_name":"the8shape","article_modified_time":"2026-04-16T16:32:47+00:00","og_image":[{"width":1707,"height":2560,"url":"https:\/\/the8shape.fr\/wp-content\/uploads\/2026\/01\/SERRETAILLE_negro-1-scaled.jpg","type":"image\/jpeg"}],"twitter_card":"summary_large_image","twitter_misc":{"Est. reading time":"1 minute"},"schema":{"@context":"https:\/\/schema.org","@graph":[{"@type":"WebPage","@id":"https:\/\/the8shape.fr\/produit\/serre-taille-latex\/","url":"https:\/\/the8shape.fr\/produit\/serre-taille-latex\/","name":"Serre taille latex - the8shape","isPartOf":{"@id":"https:\/\/the8shape.fr\/#website"},"primaryImageOfPage":{"@id":"https:\/\/the8shape.fr\/produit\/serre-taille-latex\/#primaryimage"},"image":{"@id":"https:\/\/the8shape.fr\/produit\/serre-taille-latex\/#primaryimage"},"thumbnailUrl":"https:\/\/the8shape.fr\/wp-content\/uploads\/2026\/01\/SERRETAILLE_negro-1-scaled.jpg","datePublished":"2026-01-21T10:09:25+00:00","dateModified":"2026-04-16T16:32:47+00:00","breadcrumb":{"@id":"https:\/\/the8shape.fr\/produit\/serre-taille-latex\/#breadcrumb"},"inLanguage":"en-US","potentialAction":[{"@type":"ReadAction","target":["https:\/\/the8shape.fr\/produit\/serre-taille-latex\/"]}]},{"@type":"ImageObject","inLanguage":"en-US","@id":"https:\/\/the8shape.fr\/produit\/serre-taille-latex\/#primaryimage","url":"https:\/\/the8shape.fr\/wp-content\/uploads\/2026\/01\/SERRETAILLE_negro-1-scaled.jpg","contentUrl":"https:\/\/the8shape.fr\/wp-content\/uploads\/2026\/01\/SERRETAILLE_negro-1-scaled.jpg","width":1707,"height":2560},{"@type":"BreadcrumbList","@id":"https:\/\/the8shape.fr\/produit\/serre-taille-latex\/#breadcrumb","itemListElement":[{"@type":"ListItem","position":1,"name":"Home","item":"https:\/\/the8shape.fr\/en\/"},{"@type":"ListItem","position":2,"name":"Shopping","item":"https:\/\/the8shape.fr\/shopping\/"},{"@type":"ListItem","position":3,"name":"Serre taille latex"}]},{"@type":"WebSite","@id":"https:\/\/the8shape.fr\/#website","url":"https:\/\/the8shape.fr\/","name":"the8shape","description":"","potentialAction":[{"@type":"SearchAction","target":{"@type":"EntryPoint","urlTemplate":"https:\/\/the8shape.fr\/?s={search_term_string}"},"query-input":{"@type":"PropertyValueSpecification","valueRequired":true,"valueName":"search_term_string"}}],"inLanguage":"en-US"}]}},"_links":{"self":[{"href":"https:\/\/the8shape.fr\/en\/wp-json\/wp\/v2\/product\/14737","targetHints":{"allow":["GET"]}}],"collection":[{"href":"https:\/\/the8shape.fr\/en\/wp-json\/wp\/v2\/product"}],"about":[{"href":"https:\/\/the8shape.fr\/en\/wp-json\/wp\/v2\/types\/product"}],"replies":[{"embeddable":true,"href":"https:\/\/the8shape.fr\/en\/wp-json\/wp\/v2\/comments?post=14737"}],"wp:featuredmedia":[{"embeddable":true,"href":"https:\/\/the8shape.fr\/en\/wp-json\/wp\/v2\/media\/14739"}],"wp:attachment":[{"href":"https:\/\/the8shape.fr\/en\/wp-json\/wp\/v2\/media?parent=14737"}],"wp:term":[{"taxonomy":"product_brand","embeddable":true,"href":"https:\/\/the8shape.fr\/en\/wp-json\/wp\/v2\/product_brand?post=14737"},{"taxonomy":"product_cat","embeddable":true,"href":"https:\/\/the8shape.fr\/en\/wp-json\/wp\/v2\/product_cat?post=14737"},{"taxonomy":"product_tag","embeddable":true,"href":"https:\/\/the8shape.fr\/en\/wp-json\/wp\/v2\/product_tag?post=14737"}],"curies":[{"name":"wp","href":"https:\/\/api.w.org\/{rel}","templated":true}]}}